{"id":517,"date":"2015-05-21T12:55:30","date_gmt":"2015-05-21T12:55:30","guid":{"rendered":"http:\/\/webdoc.solsoc.be\/creuseursdukatanga\/?page_id=517"},"modified":"2015-05-28T13:12:04","modified_gmt":"2015-05-28T13:12:04","slug":"galerie","status":"publish","type":"page","link":"https:\/\/webdoc.solsoc.be\/creuseursdukatanga\/?page_id=517","title":{"rendered":"Galerie"},"content":{"rendered":"\n<section class=\"main-content small-padding\">\n<div class=\"container-fluid\">\n<div class=\"row\">\n<div class=\"col-md-12\">\n<div class=\"az-gallery row gallery-normal-width \">\n<div id=\"gallery-image-69e89e07eb87c\" class=\"isotope az-gallery-image masonry-gallery\">\n<div id=\"gallery_image_69e89e07eb87d\" class=\"gallery-az \" >\n\t\t<div class=\"item-gallery col-md-3\">\n\t\t<a class=\"gallery-photo fancybox-thumb\" title=\"Sans droit(s), sans terre, les creuseurs du Katanga\" href=\"https:\/\/webdoc.solsoc.be\/creuseursdukatanga\/wp-content\/uploads\/2015\/05\/1.jpg\" data-fancybox-group=\"gallery_fancy_69e89e07eb87b\">\n\t\t\t<span class=\"overlay-bg-gallery\"><\/span><i class=\"gallery-icon fancy-image\"><\/i>\n\t\t\t<img loading=\"lazy\" decoding=\"async\" src=\"https:\/\/webdoc.solsoc.be\/creuseursdukatanga\/wp-content\/uploads\/2015\/05\/1-500x334.jpg\" width=\"500\" height=\"334\" alt=\"Sans droit(s), sans terre, les creuseurs du Katanga\" class=\"img-full-responsive\" \/>\n\t\t<\/a>\n\t\t<\/div>\n\t\t<div class=\"item-gallery col-md-3\">\n\t\t<a class=\"gallery-photo fancybox-thumb\" title=\"Equipe de creuseurs dans le quartier de Kasulo, Kolwezi, province du Katanga, RDC. Faute de site l\u00e9gal d\u2019extraction qui leur soit attribu\u00e9 par l\u2019Etat congolais, les creuseurs exploitent des parcelles r\u00e9sidentielles, dans un quartier de Kolwezi. Le sol de ce quartier est devenu un dangereux gruy\u00e8re.\" href=\"https:\/\/webdoc.solsoc.be\/creuseursdukatanga\/wp-content\/uploads\/2015\/05\/2.jpg\" data-fancybox-group=\"gallery_fancy_69e89e07eb87b\">\n\t\t\t<span class=\"overlay-bg-gallery\"><\/span><i class=\"gallery-icon fancy-image\"><\/i>\n\t\t\t<img loading=\"lazy\" decoding=\"async\" src=\"https:\/\/webdoc.solsoc.be\/creuseursdukatanga\/wp-content\/uploads\/2015\/05\/2-500x334.jpg\" width=\"500\" height=\"334\" alt=\"Equipe de creuseurs dans le quartier de Kasulo, Kolwezi, province du Katanga, RDC. Faute de site l\u00e9gal d\u2019extraction qui leur soit attribu\u00e9 par l\u2019Etat congolais, les creuseurs exploitent des parcelles r\u00e9sidentielles, dans un quartier de Kolwezi. Le sol de ce quartier est devenu un dangereux gruy\u00e8re.\" class=\"img-full-responsive\" \/>\n\t\t<\/a>\n\t\t<\/div>\n\t\t<div class=\"item-gallery col-md-3\">\n\t\t<a class=\"gallery-photo fancybox-thumb\" title=\"Centre de n\u00e9goce de Musompo, Kolwezi. Lieu d\u2019achat des minerais extraits par les creuseurs ill\u00e9gaux. Un sac de mati\u00e8re premi\u00e8re peut peser jusqu\u2019\u00e0 130 kilos. Il s'agit essentiellement d'h\u00e9t\u00e9rog\u00e9nite un oxyde de cobalt et de cuivre et autres minerais.\" href=\"https:\/\/webdoc.solsoc.be\/creuseursdukatanga\/wp-content\/uploads\/2015\/05\/3.jpg\" data-fancybox-group=\"gallery_fancy_69e89e07eb87b\">\n\t\t\t<span class=\"overlay-bg-gallery\"><\/span><i class=\"gallery-icon fancy-image\"><\/i>\n\t\t\t<img loading=\"lazy\" decoding=\"async\" src=\"https:\/\/webdoc.solsoc.be\/creuseursdukatanga\/wp-content\/uploads\/2015\/05\/3-500x334.jpg\" width=\"500\" height=\"334\" alt=\"Centre de n\u00e9goce de Musompo, Kolwezi. Lieu d\u2019achat des minerais extraits par les creuseurs ill\u00e9gaux. Un sac de mati\u00e8re premi\u00e8re peut peser jusqu\u2019\u00e0 130 kilos. Il s'agit essentiellement d'h\u00e9t\u00e9rog\u00e9nite un oxyde de cobalt et de cuivre et autres minerais.\" class=\"img-full-responsive\" \/>\n\t\t<\/a>\n\t\t<\/div>\n\t\t<div class=\"item-gallery col-md-3\">\n\t\t<a class=\"gallery-photo fancybox-thumb\" title=\"Centre de n\u00e9goce de Musompo, Kolwezi. Lieu d\u2019achat des minerais extraits par les creuseurs ill\u00e9gaux. Les instruments de mesure sont r\u00e9guli\u00e8rement trafiqu\u00e9s par les propri\u00e9taires des Maisons de n\u00e9goce (balances, teneur en minerais pr\u00e9cieux...).\" href=\"https:\/\/webdoc.solsoc.be\/creuseursdukatanga\/wp-content\/uploads\/2015\/05\/4.jpg\" data-fancybox-group=\"gallery_fancy_69e89e07eb87b\">\n\t\t\t<span class=\"overlay-bg-gallery\"><\/span><i class=\"gallery-icon fancy-image\"><\/i>\n\t\t\t<img loading=\"lazy\" decoding=\"async\" src=\"https:\/\/webdoc.solsoc.be\/creuseursdukatanga\/wp-content\/uploads\/2015\/05\/4-500x334.jpg\" width=\"500\" height=\"334\" alt=\"Centre de n\u00e9goce de Musompo, Kolwezi. Lieu d\u2019achat des minerais extraits par les creuseurs ill\u00e9gaux. Les instruments de mesure sont r\u00e9guli\u00e8rement trafiqu\u00e9s par les propri\u00e9taires des Maisons de n\u00e9goce (balances, teneur en minerais pr\u00e9cieux...).\" class=\"img-full-responsive\" \/>\n\t\t<\/a>\n\t\t<\/div>\n\t\t<div class=\"item-gallery col-md-3\">\n\t\t<a class=\"gallery-photo fancybox-thumb\" title=\"Centre de n\u00e9goce de Musompo, Kolwezi. Lieu d\u2019achat des minerais extraits par les creuseurs ill\u00e9gaux. Le prix d'achat du minerais est fix\u00e9 par les comptoirs de n\u00e9goces tenus, pour la plupart, par des chinois, des libanais ou des indiens. Ils sont r\u00e9guli\u00e8rement accus\u00e9s de truquer les balances et de tromper les n\u00e9gociants congolais sur la teneur en minerai pour en faire baisser le prix.\" href=\"https:\/\/webdoc.solsoc.be\/creuseursdukatanga\/wp-content\/uploads\/2015\/05\/5.jpg\" data-fancybox-group=\"gallery_fancy_69e89e07eb87b\">\n\t\t\t<span class=\"overlay-bg-gallery\"><\/span><i class=\"gallery-icon fancy-image\"><\/i>\n\t\t\t<img loading=\"lazy\" decoding=\"async\" src=\"https:\/\/webdoc.solsoc.be\/creuseursdukatanga\/wp-content\/uploads\/2015\/05\/5-500x334.jpg\" width=\"500\" height=\"334\" alt=\"Centre de n\u00e9goce de Musompo, Kolwezi. Lieu d\u2019achat des minerais extraits par les creuseurs ill\u00e9gaux. Le prix d'achat du minerais est fix\u00e9 par les comptoirs de n\u00e9goces tenus, pour la plupart, par des chinois, des libanais ou des indiens. Ils sont r\u00e9guli\u00e8rement accus\u00e9s de truquer les balances et de tromper les n\u00e9gociants congolais sur la teneur en minerai pour en faire baisser le prix.\" class=\"img-full-responsive\" \/>\n\t\t<\/a>\n\t\t<\/div>\n\t\t<div class=\"item-gallery col-md-3\">\n\t\t<a class=\"gallery-photo fancybox-thumb\" title=\"Centre de n\u00e9goce de Musompo, Kolwezi. Lieu d\u2019achat des minerais extraits par les creuseurs ill\u00e9gaux. Les conditions de travail des ouvriers congolais dans les Maisons de n\u00e9goce sont d\u00e9plorables (s\u00e9curit\u00e9 , tenues non appropri\u00e9es, horaires de travail, salaire...)\" href=\"https:\/\/webdoc.solsoc.be\/creuseursdukatanga\/wp-content\/uploads\/2015\/05\/6.jpg\" data-fancybox-group=\"gallery_fancy_69e89e07eb87b\">\n\t\t\t<span class=\"overlay-bg-gallery\"><\/span><i class=\"gallery-icon fancy-image\"><\/i>\n\t\t\t<img loading=\"lazy\" decoding=\"async\" src=\"https:\/\/webdoc.solsoc.be\/creuseursdukatanga\/wp-content\/uploads\/2015\/05\/6-500x334.jpg\" width=\"500\" height=\"334\" alt=\"Centre de n\u00e9goce de Musompo, Kolwezi. Lieu d\u2019achat des minerais extraits par les creuseurs ill\u00e9gaux. Les conditions de travail des ouvriers congolais dans les Maisons de n\u00e9goce sont d\u00e9plorables (s\u00e9curit\u00e9 , tenues non appropri\u00e9es, horaires de travail, salaire...)\" class=\"img-full-responsive\" \/>\n\t\t<\/a>\n\t\t<\/div>\n\t\t<div class=\"item-gallery col-md-3\">\n\t\t<a class=\"gallery-photo fancybox-thumb\" title=\"Village de Muchanga, zone d\u2019extraction mini\u00e8re illicite, Kolwezi, province du Katanga, RDC. Les creuseurs (et parfois toute leur famille) s\u2019installent autour des carri\u00e8res et sites d\u2019extractions, dans des maisons de fortune, sans eau ni \u00e9lectricit\u00e9.\" href=\"https:\/\/webdoc.solsoc.be\/creuseursdukatanga\/wp-content\/uploads\/2015\/05\/7.jpg\" data-fancybox-group=\"gallery_fancy_69e89e07eb87b\">\n\t\t\t<span class=\"overlay-bg-gallery\"><\/span><i class=\"gallery-icon fancy-image\"><\/i>\n\t\t\t<img loading=\"lazy\" decoding=\"async\" src=\"https:\/\/webdoc.solsoc.be\/creuseursdukatanga\/wp-content\/uploads\/2015\/05\/7-500x333.jpg\" width=\"500\" height=\"333\" alt=\"Village de Muchanga, zone d\u2019extraction mini\u00e8re illicite, Kolwezi, province du Katanga, RDC. Les creuseurs (et parfois toute leur famille) s\u2019installent autour des carri\u00e8res et sites d\u2019extractions, dans des maisons de fortune, sans eau ni \u00e9lectricit\u00e9.\" class=\"img-full-responsive\" \/>\n\t\t<\/a>\n\t\t<\/div>\n\t\t<div class=\"item-gallery col-md-3\">\n\t\t<a class=\"gallery-photo fancybox-thumb\" title=\"Village de Muchanga, zone d\u2019extraction mini\u00e8re illicite, Kolwezi, province du Katanga, RDC. Une des t\u00e2ches assign\u00e9es aux femmes dans la carri\u00e8re est de laver le minerais brut. Elles trient et tamisent toute la journ\u00e9e dans l\u2019eau du fleuve.\" href=\"https:\/\/webdoc.solsoc.be\/creuseursdukatanga\/wp-content\/uploads\/2015\/05\/8.jpg\" data-fancybox-group=\"gallery_fancy_69e89e07eb87b\">\n\t\t\t<span class=\"overlay-bg-gallery\"><\/span><i class=\"gallery-icon fancy-image\"><\/i>\n\t\t\t<img loading=\"lazy\" decoding=\"async\" src=\"https:\/\/webdoc.solsoc.be\/creuseursdukatanga\/wp-content\/uploads\/2015\/05\/8-500x334.jpg\" width=\"500\" height=\"334\" alt=\"Village de Muchanga, zone d\u2019extraction mini\u00e8re illicite, Kolwezi, province du Katanga, RDC. Une des t\u00e2ches assign\u00e9es aux femmes dans la carri\u00e8re est de laver le minerais brut. Elles trient et tamisent toute la journ\u00e9e dans l\u2019eau du fleuve.\" class=\"img-full-responsive\" \/>\n\t\t<\/a>\n\t\t<\/div>\n\t\t<div class=\"item-gallery col-md-3\">\n\t\t<a class=\"gallery-photo fancybox-thumb\" title=\"Village de Muchanga, zone d\u2019extraction mini\u00e8re illicite, Kolwezi, province du Katanga, RDC. Une des t\u00e2ches assign\u00e9es aux femmes dans la carri\u00e8re est de laver le minerais brut. Elles trient et tamisent toute la journ\u00e9e dans l\u2019eau du fleuve.\" href=\"https:\/\/webdoc.solsoc.be\/creuseursdukatanga\/wp-content\/uploads\/2015\/05\/9.jpg\" data-fancybox-group=\"gallery_fancy_69e89e07eb87b\">\n\t\t\t<span class=\"overlay-bg-gallery\"><\/span><i class=\"gallery-icon fancy-image\"><\/i>\n\t\t\t<img loading=\"lazy\" decoding=\"async\" src=\"https:\/\/webdoc.solsoc.be\/creuseursdukatanga\/wp-content\/uploads\/2015\/05\/9-500x334.jpg\" width=\"500\" height=\"334\" alt=\"Village de Muchanga, zone d\u2019extraction mini\u00e8re illicite, Kolwezi, province du Katanga, RDC. Une des t\u00e2ches assign\u00e9es aux femmes dans la carri\u00e8re est de laver le minerais brut. Elles trient et tamisent toute la journ\u00e9e dans l\u2019eau du fleuve.\" class=\"img-full-responsive\" \/>\n\t\t<\/a>\n\t\t<\/div>\n\t\t<div class=\"item-gallery col-md-3\">\n\t\t<a class=\"gallery-photo fancybox-thumb\" title=\"Village de Muchanga, zone d\u2019extraction mini\u00e8re illicite, Kolwezi, province du Katanga, RDC. Le n\u00e9gociant joue le r\u00f4le d'interm\u00e9diaire entre le creuseur et l'acheteur et\/ou la soci\u00e9t\u00e9 propri\u00e9taire de la zone exploit\u00e9e ill\u00e9galement. Il est un des maillons de la cha\u00eene a qui profite modestement le syst\u00e8me.\" href=\"https:\/\/webdoc.solsoc.be\/creuseursdukatanga\/wp-content\/uploads\/2015\/05\/10.jpg\" data-fancybox-group=\"gallery_fancy_69e89e07eb87b\">\n\t\t\t<span class=\"overlay-bg-gallery\"><\/span><i class=\"gallery-icon fancy-image\"><\/i>\n\t\t\t<img loading=\"lazy\" decoding=\"async\" src=\"https:\/\/webdoc.solsoc.be\/creuseursdukatanga\/wp-content\/uploads\/2015\/05\/10-500x334.jpg\" width=\"500\" height=\"334\" alt=\"Village de Muchanga, zone d\u2019extraction mini\u00e8re illicite, Kolwezi, province du Katanga, RDC. Le n\u00e9gociant joue le r\u00f4le d'interm\u00e9diaire entre le creuseur et l'acheteur et\/ou la soci\u00e9t\u00e9 propri\u00e9taire de la zone exploit\u00e9e ill\u00e9galement. Il est un des maillons de la cha\u00eene a qui profite modestement le syst\u00e8me.\" class=\"img-full-responsive\" \/>\n\t\t<\/a>\n\t\t<\/div>\n\t\t<div class=\"item-gallery col-md-3\">\n\t\t<a class=\"gallery-photo fancybox-thumb\" title=\"Village de Muchanga, zone d\u2019extraction mini\u00e8re illicite, Kolwezi, province du Katanga, RDC. A la sortie du travail, les creuseurs se retrouvent pour se d\u00e9tendre. La vie sociale s'organise autour des carri\u00e8res.\" href=\"https:\/\/webdoc.solsoc.be\/creuseursdukatanga\/wp-content\/uploads\/2015\/05\/11.jpg\" data-fancybox-group=\"gallery_fancy_69e89e07eb87b\">\n\t\t\t<span class=\"overlay-bg-gallery\"><\/span><i class=\"gallery-icon fancy-image\"><\/i>\n\t\t\t<img loading=\"lazy\" decoding=\"async\" src=\"https:\/\/webdoc.solsoc.be\/creuseursdukatanga\/wp-content\/uploads\/2015\/05\/11-500x334.jpg\" width=\"500\" height=\"334\" alt=\"Village de Muchanga, zone d\u2019extraction mini\u00e8re illicite, Kolwezi, province du Katanga, RDC. A la sortie du travail, les creuseurs se retrouvent pour se d\u00e9tendre. La vie sociale s'organise autour des carri\u00e8res.\" class=\"img-full-responsive\" \/>\n\t\t<\/a>\n\t\t<\/div>\n\t\t<div class=\"item-gallery col-md-3\">\n\t\t<a class=\"gallery-photo fancybox-thumb\" title=\"Village de Muchanga, zone d\u2019extraction mini\u00e8re illicite, Kolwezi, province du Katanga, RDC. Dans cette carri\u00e8re, les creuseurs r\u00e9cup\u00e8rent les minerais d\u2019autres sites d\u2019extractions, drain\u00e9s par la rivi\u00e8re. Ils travaillent toute la journ\u00e9e dans l\u2019eau.\" href=\"https:\/\/webdoc.solsoc.be\/creuseursdukatanga\/wp-content\/uploads\/2015\/05\/12.jpg\" data-fancybox-group=\"gallery_fancy_69e89e07eb87b\">\n\t\t\t<span class=\"overlay-bg-gallery\"><\/span><i class=\"gallery-icon fancy-image\"><\/i>\n\t\t\t<img loading=\"lazy\" decoding=\"async\" src=\"https:\/\/webdoc.solsoc.be\/creuseursdukatanga\/wp-content\/uploads\/2015\/05\/12-500x334.jpg\" width=\"500\" height=\"334\" alt=\"Village de Muchanga, zone d\u2019extraction mini\u00e8re illicite, Kolwezi, province du Katanga, RDC. Dans cette carri\u00e8re, les creuseurs r\u00e9cup\u00e8rent les minerais d\u2019autres sites d\u2019extractions, drain\u00e9s par la rivi\u00e8re. Ils travaillent toute la journ\u00e9e dans l\u2019eau.\" class=\"img-full-responsive\" \/>\n\t\t<\/a>\n\t\t<\/div>\n\t\t<div class=\"item-gallery col-md-3\">\n\t\t<a class=\"gallery-photo fancybox-thumb\" title=\"Village de Muchanga, zone d\u2019extraction mini\u00e8re illicite, Kolwezi, province du Katanga, RDC. Le cuivre et le cobalt sont, ici, sous forme de gravillons. C'est ce qu'on appelle le minerais \u00e0 laver.\" href=\"https:\/\/webdoc.solsoc.be\/creuseursdukatanga\/wp-content\/uploads\/2015\/05\/13.jpg\" data-fancybox-group=\"gallery_fancy_69e89e07eb87b\">\n\t\t\t<span class=\"overlay-bg-gallery\"><\/span><i class=\"gallery-icon fancy-image\"><\/i>\n\t\t\t<img loading=\"lazy\" decoding=\"async\" src=\"https:\/\/webdoc.solsoc.be\/creuseursdukatanga\/wp-content\/uploads\/2015\/05\/13-500x334.jpg\" width=\"500\" height=\"334\" alt=\"Village de Muchanga, zone d\u2019extraction mini\u00e8re illicite, Kolwezi, province du Katanga, RDC. Le cuivre et le cobalt sont, ici, sous forme de gravillons. C'est ce qu'on appelle le minerais \u00e0 laver.\" class=\"img-full-responsive\" \/>\n\t\t<\/a>\n\t\t<\/div>\n\t\t<div class=\"item-gallery col-md-3\">\n\t\t<a class=\"gallery-photo fancybox-thumb\" title=\"Village de Muchanga, zone d\u2019extraction mini\u00e8re illicite, Kolwezi, province du Katanga, RDC. Les enfants ont pour habitude de toujours accompagner leurs m\u00e8res sur les sites. Non scolaris\u00e9s, ils sont aussi soumis \u00e0 la radioactivit\u00e9 pr\u00e9sente dans le sous-sol de la r\u00e9gion (uranium), ce qui pr\u00e9sente une dangerosit\u00e9 et un probl\u00e8me de sant\u00e9 publique importants.\" href=\"https:\/\/webdoc.solsoc.be\/creuseursdukatanga\/wp-content\/uploads\/2015\/05\/14.jpg\" data-fancybox-group=\"gallery_fancy_69e89e07eb87b\">\n\t\t\t<span class=\"overlay-bg-gallery\"><\/span><i class=\"gallery-icon fancy-image\"><\/i>\n\t\t\t<img loading=\"lazy\" decoding=\"async\" src=\"https:\/\/webdoc.solsoc.be\/creuseursdukatanga\/wp-content\/uploads\/2015\/05\/14-500x334.jpg\" width=\"500\" height=\"334\" alt=\"Village de Muchanga, zone d\u2019extraction mini\u00e8re illicite, Kolwezi, province du Katanga, RDC. Les enfants ont pour habitude de toujours accompagner leurs m\u00e8res sur les sites. Non scolaris\u00e9s, ils sont aussi soumis \u00e0 la radioactivit\u00e9 pr\u00e9sente dans le sous-sol de la r\u00e9gion (uranium), ce qui pr\u00e9sente une dangerosit\u00e9 et un probl\u00e8me de sant\u00e9 publique importants.\" class=\"img-full-responsive\" \/>\n\t\t<\/a>\n\t\t<\/div>\n\t\t<div class=\"item-gallery col-md-3\">\n\t\t<a class=\"gallery-photo fancybox-thumb\" title=\"Village de Muchanga, zone d\u2019extraction mini\u00e8re illicite, Kolwezi, province du Katanga, RDC. Chambre de creuseurs. En moyenne, 5 creuseurs dorment ensemble sur la m\u00eame paillasse.\" href=\"https:\/\/webdoc.solsoc.be\/creuseursdukatanga\/wp-content\/uploads\/2015\/05\/15.jpg\" data-fancybox-group=\"gallery_fancy_69e89e07eb87b\">\n\t\t\t<span class=\"overlay-bg-gallery\"><\/span><i class=\"gallery-icon fancy-image\"><\/i>\n\t\t\t<img loading=\"lazy\" decoding=\"async\" src=\"https:\/\/webdoc.solsoc.be\/creuseursdukatanga\/wp-content\/uploads\/2015\/05\/15-500x334.jpg\" width=\"500\" height=\"334\" alt=\"Village de Muchanga, zone d\u2019extraction mini\u00e8re illicite, Kolwezi, province du Katanga, RDC. Chambre de creuseurs. En moyenne, 5 creuseurs dorment ensemble sur la m\u00eame paillasse.\" class=\"img-full-responsive\" \/>\n\t\t<\/a>\n\t\t<\/div>\n\t\t<div class=\"item-gallery col-md-3\">\n\t\t<a class=\"gallery-photo fancybox-thumb\" title=\"Zone d'exploitation mini\u00e8re de Mutochi, Kolwezi, province du Katanga, RDC. Ancien site industriel minier de la G\u00e9camine, non exploit\u00e9. La nappe phr\u00e9atique y a repris ses droits et inond\u00e9 la carri\u00e8re.\" href=\"https:\/\/webdoc.solsoc.be\/creuseursdukatanga\/wp-content\/uploads\/2015\/05\/16.jpg\" data-fancybox-group=\"gallery_fancy_69e89e07eb87b\">\n\t\t\t<span class=\"overlay-bg-gallery\"><\/span><i class=\"gallery-icon fancy-image\"><\/i>\n\t\t\t<img loading=\"lazy\" decoding=\"async\" src=\"https:\/\/webdoc.solsoc.be\/creuseursdukatanga\/wp-content\/uploads\/2015\/05\/16-500x334.jpg\" width=\"500\" height=\"334\" alt=\"Zone d'exploitation mini\u00e8re de Mutochi, Kolwezi, province du Katanga, RDC. Ancien site industriel minier de la G\u00e9camine, non exploit\u00e9. La nappe phr\u00e9atique y a repris ses droits et inond\u00e9 la carri\u00e8re.\" class=\"img-full-responsive\" \/>\n\t\t<\/a>\n\t\t<\/div>\n\t\t<div class=\"item-gallery col-md-3\">\n\t\t<a class=\"gallery-photo fancybox-thumb\" title=\"Zone d'exploitation mini\u00e8re de Mutochi, Kolwezi, province du Katanga, RDC. Ing\u00e9nieur de formation, Teddy est creuseur d'or sur le site de Mutochi. Faute d'un travail d\u00e9cent, il creuse, sans botte, ni casque, pour survivre et nourrir sa famille.\" href=\"https:\/\/webdoc.solsoc.be\/creuseursdukatanga\/wp-content\/uploads\/2015\/05\/17.jpg\" data-fancybox-group=\"gallery_fancy_69e89e07eb87b\">\n\t\t\t<span class=\"overlay-bg-gallery\"><\/span><i class=\"gallery-icon fancy-image\"><\/i>\n\t\t\t<img loading=\"lazy\" decoding=\"async\" src=\"https:\/\/webdoc.solsoc.be\/creuseursdukatanga\/wp-content\/uploads\/2015\/05\/17-500x334.jpg\" width=\"500\" height=\"334\" alt=\"Zone d'exploitation mini\u00e8re de Mutochi, Kolwezi, province du Katanga, RDC. Ing\u00e9nieur de formation, Teddy est creuseur d'or sur le site de Mutochi. Faute d'un travail d\u00e9cent, il creuse, sans botte, ni casque, pour survivre et nourrir sa famille.\" class=\"img-full-responsive\" \/>\n\t\t<\/a>\n\t\t<\/div>\n\t\t<div class=\"item-gallery col-md-3\">\n\t\t<a class=\"gallery-photo fancybox-thumb\" title=\"Zone d'exploitation mini\u00e8re de Mutochi, Kolwezi, province du Katanga, RDC. Les femmes lavent le minerais au c\u0153ur de la carri\u00e8re inond\u00e9e.\" href=\"https:\/\/webdoc.solsoc.be\/creuseursdukatanga\/wp-content\/uploads\/2015\/05\/18.jpg\" data-fancybox-group=\"gallery_fancy_69e89e07eb87b\">\n\t\t\t<span class=\"overlay-bg-gallery\"><\/span><i class=\"gallery-icon fancy-image\"><\/i>\n\t\t\t<img loading=\"lazy\" decoding=\"async\" src=\"https:\/\/webdoc.solsoc.be\/creuseursdukatanga\/wp-content\/uploads\/2015\/05\/18-500x333.jpg\" width=\"500\" height=\"333\" alt=\"Zone d'exploitation mini\u00e8re de Mutochi, Kolwezi, province du Katanga, RDC. Les femmes lavent le minerais au c\u0153ur de la carri\u00e8re inond\u00e9e.\" class=\"img-full-responsive\" \/>\n\t\t<\/a>\n\t\t<\/div>\n\t\t<div class=\"item-gallery col-md-3\">\n\t\t<a class=\"gallery-photo fancybox-thumb\" title=\"Zone d'exploitation mini\u00e8re de Mutochi, Kolwezi, province du Katanga, RDC. Des milliers de creuseurs tentent leur chance et esp\u00e8rent trouver de la poudre d'or dans les eaux de Mutochi. Il est pr\u00e9vu que la carri\u00e8re soit, \u00e0 nouveau exploit\u00e9e, ils devront alors tous partir et chercher un autre site.\" href=\"https:\/\/webdoc.solsoc.be\/creuseursdukatanga\/wp-content\/uploads\/2015\/05\/19.jpg\" data-fancybox-group=\"gallery_fancy_69e89e07eb87b\">\n\t\t\t<span class=\"overlay-bg-gallery\"><\/span><i class=\"gallery-icon fancy-image\"><\/i>\n\t\t\t<img loading=\"lazy\" decoding=\"async\" src=\"https:\/\/webdoc.solsoc.be\/creuseursdukatanga\/wp-content\/uploads\/2015\/05\/19-500x334.jpg\" width=\"500\" height=\"334\" alt=\"Zone d'exploitation mini\u00e8re de Mutochi, Kolwezi, province du Katanga, RDC. Des milliers de creuseurs tentent leur chance et esp\u00e8rent trouver de la poudre d'or dans les eaux de Mutochi. Il est pr\u00e9vu que la carri\u00e8re soit, \u00e0 nouveau exploit\u00e9e, ils devront alors tous partir et chercher un autre site.\" class=\"img-full-responsive\" \/>\n\t\t<\/a>\n\t\t<\/div>\n<\/div>\n<\/div>\n<\/div>\n<script type=\"text\/javascript\">\njQuery(document).ready(function(){\n\tvar container = jQuery(\"#gallery-image-69e89e07eb87c\");\n\n\tcontainer.imagesLoaded(function() {\n\t\tcontainer.isotope({\n          itemSelector : \".item-gallery\",\n          transitionDuration: 0\n        });\n    }).done( function( instance ) {\n    \tcontainer.velocity({ opacity: 1 }, 850, \"easeInOutExpo\" );\n  \t});\n});\n<\/script>\n<\/div>\n<\/div>\n<\/div>\n<\/section>\n","protected":false},"excerpt":{"rendered":"jQuery(document).ready(function(){ var container = jQuery(\"#gallery-image-69e89e07ee47a\"); container.imagesLoaded(function() { container.isotope({ itemSelector : \".item-gallery\", transitionDuration: 0 }); }).done( function( instance ) { container.velocity({ opacity: 1 }, 850, \"easeInOutExpo\" ); }); });","protected":false},"author":1,"featured_media":0,"parent":0,"menu_order":0,"comment_status":"closed","ping_status":"closed","template":"","meta":{"footnotes":""},"class_list":["post-517","page","type-page","status-publish","hentry"],"_links":{"self":[{"href":"https:\/\/webdoc.solsoc.be\/creuseursdukatanga\/index.php?rest_route=\/wp\/v2\/pages\/517","targetHints":{"allow":["GET"]}}],"collection":[{"href":"https:\/\/webdoc.solsoc.be\/creuseursdukatanga\/index.php?rest_route=\/wp\/v2\/pages"}],"about":[{"href":"https:\/\/webdoc.solsoc.be\/creuseursdukatanga\/index.php?rest_route=\/wp\/v2\/types\/page"}],"author":[{"embeddable":true,"href":"https:\/\/webdoc.solsoc.be\/creuseursdukatanga\/index.php?rest_route=\/wp\/v2\/users\/1"}],"replies":[{"embeddable":true,"href":"https:\/\/webdoc.solsoc.be\/creuseursdukatanga\/index.php?rest_route=%2Fwp%2Fv2%2Fcomments&post=517"}],"version-history":[{"count":32,"href":"https:\/\/webdoc.solsoc.be\/creuseursdukatanga\/index.php?rest_route=\/wp\/v2\/pages\/517\/revisions"}],"predecessor-version":[{"id":577,"href":"https:\/\/webdoc.solsoc.be\/creuseursdukatanga\/index.php?rest_route=\/wp\/v2\/pages\/517\/revisions\/577"}],"wp:attachment":[{"href":"https:\/\/webdoc.solsoc.be\/creuseursdukatanga\/index.php?rest_route=%2Fwp%2Fv2%2Fmedia&parent=517"}],"curies":[{"name":"wp","href":"https:\/\/api.w.org\/{rel}","templated":true}]}}